{"id":541,"date":"2026-04-15T20:43:59","date_gmt":"2026-04-15T13:43:59","guid":{"rendered":"https:\/\/danbamtattoohoian.com\/?page_id=541"},"modified":"2026-04-16T17:07:15","modified_gmt":"2026-04-16T10:07:15","slug":"booking","status":"publish","type":"page","link":"https:\/\/danbamtattoohoian.com\/vi\/booking\/","title":{"rendered":"Booking"},"content":{"rendered":"<section class=\"fs-flex alignfull fs-block-section has-global-padding is-layout-constrained wp-block-flatsome-section-is-layout-constrained\"><div class=\"fs-block-section__background\"><\/div>\n<div class=\"has-global-padding fs-d5b81b80 fs-border alignwide overflow-hidden fs-block-row fs-flex\">\n<div class=\"fs-cdfb509c fs-background fs-block-col fs-gap\">\n<h1 class=\"trendy-title capitalize fs-01c0c8a1 fs-block-trendy-title\">\u0110\u0103ng k\u00fd <span class=\"trendy-title__accent\">l\u1ecbch h\u1eb9n<\/span><\/h1>\n\n\n<p class=\"fs-be373c13\">Ch\u1ec9 m\u1ea5t v\u00e0i ph\u00fat \u0111\u1ec3 \u0111\u1eb7t l\u1ecbch h\u1eb9n tr\u1ef1c tuy\u1ebfn.<\/p>\n\n\n\n<div class=\"wp-block-contact-form-7-contact-form-selector\">\n<div class=\"wpcf7 no-js\" id=\"wpcf7-f392-o1\" lang=\"vi\" dir=\"ltr\" data-wpcf7-id=\"392\">\n<div class=\"screen-reader-response\"><p role=\"status\" aria-live=\"polite\" aria-atomic=\"true\"><\/p> <ul><\/ul><\/div>\n<form action=\"\/vi\/wp-json\/wp\/v2\/pages\/541#wpcf7-f392-o1\" method=\"post\" class=\"wpcf7-form init\" aria-label=\"Form li\u00ean h\u1ec7\" novalidate=\"novalidate\" data-status=\"init\">\n<fieldset class=\"hidden-fields-container\"><input type=\"hidden\" name=\"_wpcf7\" value=\"392\" \/><input type=\"hidden\" name=\"_wpcf7_version\" value=\"6.1.5\" \/><input type=\"hidden\" name=\"_wpcf7_locale\" value=\"vi\" \/><input type=\"hidden\" name=\"_wpcf7_unit_tag\" value=\"wpcf7-f392-o1\" \/><input type=\"hidden\" name=\"_wpcf7_container_post\" value=\"0\" \/><input type=\"hidden\" name=\"_wpcf7_posted_data_hash\" value=\"\" \/><input type=\"hidden\" name=\"_trendy_cf7_ts\" value=\"1778755651\" \/><input type=\"hidden\" name=\"_trendy_cf7_trap_name\" value=\"_trendy_cf7_hp_qubgtbp95aoa\" \/><input type=\"hidden\" name=\"_trendy_cf7_sig\" value=\"fa3d0912278db05acd55e1edf5f7f17bc4ef616e68d7cfa05a0ad651d463a25e\" \/><input type=\"hidden\" name=\"_trendy_cf7_interaction\" value=\"\" \/>\n<\/fieldset>\n<div class=\"cf7-booking-form\">\n  <div class=\"cf7-booking-grid\">\n    <div class=\"cf7-booking-field\">\n      <label>D\u1ecbch v\u1ee5<\/label>\n      <span class=\"cf7-select-wrap\">\n        <span class=\"wpcf7-form-control-wrap\" data-name=\"booking-service\"><select class=\"wpcf7-form-control wpcf7-select wpcf7-validates-as-required cf7-booking-control\" aria-required=\"true\" aria-invalid=\"false\" name=\"booking-service\"><option value=\"\">Ch\u1ecdn d\u1ecbch v\u1ee5<\/option><option value=\"Mini Tattoo\">Mini Tattoo<\/option><option value=\"Fine Line Tattoo\">Fine Line Tattoo<\/option><option value=\"Black &amp; Grey\">Black &amp; Grey<\/option><option value=\"Traditional Tattoo\">Traditional Tattoo<\/option><option value=\"Custom Tattoo design\">Custom Tattoo design<\/option><option value=\"Realism Tattoo\">Realism Tattoo<\/option><option value=\"Piercing\">Piercing<\/option><\/select><\/span>\n      <\/span>\n    <\/div>\n\n    <div class=\"cf7-booking-field\">\n      <label>Ngh\u1ec7 s\u1ef9<\/label>\n      <span class=\"cf7-select-wrap\">\n        <span class=\"wpcf7-form-control-wrap\" data-name=\"booking-master\"><select class=\"wpcf7-form-control wpcf7-select wpcf7-validates-as-required cf7-booking-control\" aria-required=\"true\" aria-invalid=\"false\" name=\"booking-master\"><option value=\"\">Ch\u1ecdn ngh\u1ec7 s\u1ef9<\/option><option value=\"Hoon\">Hoon<\/option><\/select><\/span>\n      <\/span>\n    <\/div>\n\n    <div class=\"cf7-booking-field\">\n      <label>H\u1ecd t\u00ean *<\/label>\n      <span class=\"wpcf7-form-control-wrap\" data-name=\"your-name\"><input size=\"40\" maxlength=\"400\" class=\"wpcf7-form-control wpcf7-text wpcf7-validates-as-required cf7-booking-control\" aria-required=\"true\" aria-invalid=\"false\" value=\"\" type=\"text\" name=\"your-name\" \/><\/span>\n    <\/div>\n\n    <div class=\"cf7-booking-field\">\n      <label>S\u1ed1 \u0111i\u1ec7n tho\u1ea1i<\/label>\n      <span class=\"wpcf7-form-control-wrap\" data-name=\"your-phone\"><input size=\"40\" maxlength=\"400\" class=\"wpcf7-form-control wpcf7-tel wpcf7-text wpcf7-validates-as-tel cf7-booking-control\" aria-invalid=\"false\" value=\"\" type=\"tel\" name=\"your-phone\" \/><\/span>\n    <\/div>\n\n    <div class=\"cf7-booking-field\">\n  <label>Ng\u00e0y<\/label>\n  <span class=\"cf7-date-wrap\">\n    <span class=\"wpcf7-form-control-wrap\" data-name=\"booking-date\"><input size=\"40\" maxlength=\"400\" class=\"wpcf7-form-control wpcf7-text wpcf7-validates-as-required cf7-booking-control cf7-booking-date\" readonly=\"readonly\" aria-required=\"true\" aria-invalid=\"false\" value=\"\" type=\"text\" name=\"booking-date\" \/><\/span>\n    <span class=\"cf7-date-placeholder\">Ch\u1ecdn ng\u00e0y<\/span>\n  <\/span>\n<\/div>\n\n    <div class=\"cf7-booking-field\">\n      <label>Time<\/label>\n      <div class=\"cf7-time-group\">\n        <span class=\"cf7-select-wrap\">\n          <span class=\"wpcf7-form-control-wrap\" data-name=\"booking-hour\"><select class=\"wpcf7-form-control wpcf7-select wpcf7-validates-as-required cf7-booking-control\" aria-required=\"true\" aria-invalid=\"false\" name=\"booking-hour\"><option value=\"\">L\u1ef1a ch\u1ecdn<\/option><option value=\"09:00\">09:00<\/option><option value=\"10:00\">10:00<\/option><option value=\"11:00\">11:00<\/option><option value=\"12:00\">12:00<\/option><option value=\"13:00\">13:00<\/option><option value=\"14:00\">14:00<\/option><option value=\"15:00\">15:00<\/option><option value=\"16:00\">16:00<\/option><\/select><\/span>\n        <\/span>\n\n        <span class=\"cf7-select-wrap\">\n          <span class=\"wpcf7-form-control-wrap\" data-name=\"booking-minute\"><select class=\"wpcf7-form-control wpcf7-select wpcf7-validates-as-required cf7-booking-control\" aria-required=\"true\" aria-invalid=\"false\" name=\"booking-minute\"><option value=\"\">L\u1ef1a ch\u1ecdn<\/option><option value=\"00\">00<\/option><option value=\"15\">15<\/option><option value=\"30\">30<\/option><option value=\"45\">45<\/option><\/select><\/span>\n        <\/span>\n      <\/div>\n    <\/div>\n  <\/div>\n\n  <div class=\"cf7-booking-actions\">\n    <input class=\"wpcf7-form-control wpcf7-submit has-spinner\" type=\"submit\" value=\"\u0110\u1eb7t m\u1ed9t cu\u1ed9c h\u1eb9n\" \/>\n  <\/div>\n<\/div><span class=\"trendy-cf7-trap\" aria-hidden=\"true\" style=\"position:absolute !important;left:-10000px !important;top:auto !important;width:1px !important;height:1px !important;overflow:hidden !important;\"><label>Leave this field empty<input type=\"text\" name=\"_trendy_cf7_hp_qubgtbp95aoa\" value=\"\" tabindex=\"-1\" autocomplete=\"off\" \/><\/label><\/span><div class=\"wpcf7-response-output\" aria-hidden=\"true\"><\/div>\n<\/form>\n<\/div>\n<\/div>\n\n<\/div>\n\n<div class=\"fs-755850fc fs-block-col fs-gap\">\n<figure class=\"h-100 fs-block-image\"><div class=\"fs-block-image__media\"><img loading=\"lazy\" decoding=\"async\" width=\"1920\" height=\"1635\" src=\"https:\/\/danbamtattoohoian.com\/wp-content\/uploads\/2026\/04\/image-43-copyright.jpg\" class=\"fs-block-image__img wp-image-505 attachment-original size-original\" alt=\"\" srcset=\"https:\/\/danbamtattoohoian.com\/wp-content\/uploads\/2026\/04\/image-43-copyright.jpg 1920w, https:\/\/danbamtattoohoian.com\/wp-content\/uploads\/2026\/04\/image-43-copyright-300x255.jpg 300w, https:\/\/danbamtattoohoian.com\/wp-content\/uploads\/2026\/04\/image-43-copyright-1024x872.jpg 1024w, https:\/\/danbamtattoohoian.com\/wp-content\/uploads\/2026\/04\/image-43-copyright-768x654.jpg 768w, https:\/\/danbamtattoohoian.com\/wp-content\/uploads\/2026\/04\/image-43-copyright-1536x1308.jpg 1536w\" sizes=\"auto, (max-width: 1920px) 100vw, 1920px\" \/><\/div><\/figure>\n<\/div>\n<\/div>\n<\/section>","protected":false},"excerpt":{"rendered":"","protected":false},"author":1,"featured_media":0,"parent":0,"menu_order":0,"comment_status":"closed","ping_status":"closed","template":"","meta":{"footnotes":""},"class_list":["post-541","page","type-page","status-publish","hentry"],"_is_page_on_front":false,"_is_page_for_posts":false,"_flatsome_builder_edit_link":"https:\/\/danbamtattoohoian.com\/wp-admin\/index.php?page=flatsome-builder&postType=page&postId=541","_flatsome_builder_post_lock":null,"_links":{"self":[{"href":"https:\/\/danbamtattoohoian.com\/vi\/wp-json\/wp\/v2\/pages\/541","targetHints":{"allow":["GET"]}}],"collection":[{"href":"https:\/\/danbamtattoohoian.com\/vi\/wp-json\/wp\/v2\/pages"}],"about":[{"href":"https:\/\/danbamtattoohoian.com\/vi\/wp-json\/wp\/v2\/types\/page"}],"author":[{"embeddable":true,"href":"https:\/\/danbamtattoohoian.com\/vi\/wp-json\/wp\/v2\/users\/1"}],"replies":[{"embeddable":true,"href":"https:\/\/danbamtattoohoian.com\/vi\/wp-json\/wp\/v2\/comments?post=541"}],"version-history":[{"count":7,"href":"https:\/\/danbamtattoohoian.com\/vi\/wp-json\/wp\/v2\/pages\/541\/revisions"}],"predecessor-version":[{"id":615,"href":"https:\/\/danbamtattoohoian.com\/vi\/wp-json\/wp\/v2\/pages\/541\/revisions\/615"}],"wp:attachment":[{"href":"https:\/\/danbamtattoohoian.com\/vi\/wp-json\/wp\/v2\/media?parent=541"}],"curies":[{"name":"wp","href":"https:\/\/api.w.org\/{rel}","templated":true}]}}