{"id":539,"date":"2026-04-15T20:43:15","date_gmt":"2026-04-15T13:43:15","guid":{"rendered":"https:\/\/danbamtattoohoian.com\/?page_id=539"},"modified":"2026-05-12T23:20:55","modified_gmt":"2026-05-12T16:20:55","slug":"ve-chung-toi","status":"publish","type":"page","link":"https:\/\/danbamtattoohoian.com\/vi\/ve-chung-toi\/","title":{"rendered":"V\u1ec1 ch\u00fang t\u00f4i"},"content":{"rendered":"<section class=\"fs-flex fs-background fs-57cd325e alignfull fs-block-section fs-dark has-global-padding is-layout-constrained wp-block-flatsome-section-is-layout-constrained\"><div class=\"fs-block-section__background fs-block-image fs-7700edd0\"><div class=\"fs-block-image__media\"><img loading=\"lazy\" decoding=\"async\" width=\"1024\" height=\"446\" src=\"https:\/\/danbamtattoohoian.com\/wp-content\/uploads\/2026\/05\/z7793137414978_38183292eea4394975beeb0b485aa582-1024x446.jpg\" class=\"fs-block-image__img wp-image-921 attachment-large size-large\" alt=\"\" srcset=\"https:\/\/danbamtattoohoian.com\/wp-content\/uploads\/2026\/05\/z7793137414978_38183292eea4394975beeb0b485aa582-1024x446.jpg 1024w, https:\/\/danbamtattoohoian.com\/wp-content\/uploads\/2026\/05\/z7793137414978_38183292eea4394975beeb0b485aa582-300x131.jpg 300w, https:\/\/danbamtattoohoian.com\/wp-content\/uploads\/2026\/05\/z7793137414978_38183292eea4394975beeb0b485aa582-768x334.jpg 768w, https:\/\/danbamtattoohoian.com\/wp-content\/uploads\/2026\/05\/z7793137414978_38183292eea4394975beeb0b485aa582-1536x668.jpg 1536w, https:\/\/danbamtattoohoian.com\/wp-content\/uploads\/2026\/05\/z7793137414978_38183292eea4394975beeb0b485aa582-2048x891.jpg 2048w\" sizes=\"auto, (max-width: 1024px) 100vw, 1024px\" \/><div class=\"fs-block-image__overlay\" aria-hidden=\"true\"><\/div><\/div><\/div>\n<div class=\"fs-fe407b97 alignwide fs-block-flex fs-flex\">\n<h1 class=\"fs-block-post-title\">V\u1ec1 ch\u00fang t\u00f4i<\/h1>\n\n<nav class=\"breadcrumbs fs-block-breadcrumbs fs-db985f63\" aria-label=\"Breadcrumb\"><a href=\"https:\/\/danbamtattoohoian.com\/vi\/\">Home<\/a><\/nav>\n<\/div>\n<\/section>\n\n<section class=\"fs-flex fs-763f9fd4 alignfull fs-block-section has-global-padding is-layout-constrained wp-block-flatsome-section-is-layout-constrained\"><div class=\"fs-block-section__background\"><\/div>\n<div class=\"fs-e224ebd8 alignwide fs-block-flex fs-flex\"><\/div>\n\n<div class=\"trendy    fs-54d71fea alignwide fs-block-trendydiv\"><div class=\"trendy__content\" style=\"position:relative;z-index:1\">\n<h2 class=\"trendy-title capitalize fs-01c0c8a1 fs-block-trendy-title\" data-cursor=\"-opaque\">V\u00ec sao ch\u00fang t\u00f4i l\u00e0 <span class=\"trendy-title__accent\">t\u1ed1t nh\u1ea5t<\/span> ?<\/h2>\n\n\n<p class=\"fs-7aa0aae8\">\u0110\u01b0\u1ee3c thi\u1ebft k\u1ebf \u0111\u1ec3 truy\u1ec1n c\u1ea3m h\u1ee9ng v\u00e0 n\u00e2ng t\u1ea7m k\u1ef9 n\u0103ng c\u1ee7a b\u1ea1n, kh\u00f4ng gian c\u1ee7a ch\u00fang t\u00f4i k\u1ebft h\u1ee3p gi\u1eefa t\u00ednh th\u1ea9m m\u1ef9 hi\u1ec7n \u0111\u1ea1i v\u00e0 ch\u1ee9c n\u0103ng, mang \u0111\u1ebfn cho b\u1ea1n m\u00f4i tr\u01b0\u1eddng ho\u00e0n h\u1ea3o \u0111\u1ec3 s\u00e1ng t\u1ea1o, h\u1ee3p t\u00e1c v\u00e0 ph\u00e1t tri\u1ec3n.<\/p>\n\n<\/div><\/div>\n<\/section>\n\n<section class=\"fs-flex alignfull fs-block-section has-global-padding is-layout-constrained wp-block-flatsome-section-is-layout-constrained\"><div class=\"fs-block-section__background\"><\/div>\n<div class=\"has-global-padding alignwide fs-block-row fs-flex\">\n<div class=\"fs-755850fc fs-block-col fs-gap\">\n<figure class=\"h-100 fs-block-image fs-72c1e6aa\"><div class=\"fs-block-image__media\"><img loading=\"lazy\" decoding=\"async\" width=\"1280\" height=\"1280\" src=\"https:\/\/danbamtattoohoian.com\/wp-content\/uploads\/2026\/05\/z7793146389440_e8649b637d160a65b2ec0ff683d0ed3d.jpg\" class=\"fs-block-image__img wp-image-922 attachment-original size-original\" alt=\"\" srcset=\"https:\/\/danbamtattoohoian.com\/wp-content\/uploads\/2026\/05\/z7793146389440_e8649b637d160a65b2ec0ff683d0ed3d.jpg 1280w, https:\/\/danbamtattoohoian.com\/wp-content\/uploads\/2026\/05\/z7793146389440_e8649b637d160a65b2ec0ff683d0ed3d-300x300.jpg 300w, https:\/\/danbamtattoohoian.com\/wp-content\/uploads\/2026\/05\/z7793146389440_e8649b637d160a65b2ec0ff683d0ed3d-1024x1024.jpg 1024w, https:\/\/danbamtattoohoian.com\/wp-content\/uploads\/2026\/05\/z7793146389440_e8649b637d160a65b2ec0ff683d0ed3d-150x150.jpg 150w, https:\/\/danbamtattoohoian.com\/wp-content\/uploads\/2026\/05\/z7793146389440_e8649b637d160a65b2ec0ff683d0ed3d-768x768.jpg 768w\" sizes=\"auto, (max-width: 1280px) 100vw, 1280px\" \/><\/div><\/figure>\n<\/div>\n\n<div class=\"fs-9fb1955d fs-block-col fs-gap\">\n<h2 class=\"trendy-title capitalize fs-a1810774 fs-block-trendy-title\" data-cursor=\"-opaque\">Ch\u00e0o m\u1eebng \u0111\u1ebfn v\u1edbi <span class=\"trendy-title__accent\">DAN BAM TATTO<\/span><\/h2>\n\n\n<p class=\"fs-8766cb4e\"><br>H\u00e3y \u0111\u1ebfn v\u1edbi DanBam Tattoo Hoian \u2014 n\u01a1i ngh\u1ec7 thu\u1eadt x\u0103m h\u00ecnh \u0111\u01b0\u1ee3c th\u1ec3 hi\u1ec7n b\u1eb1ng s\u1ef1 s\u00e1ng t\u1ea1o, c\u00e1 t\u00ednh v\u00e0 \u0111am m\u00ea. Ch\u00fang t\u00f4i mang \u0111\u1ebfn kh\u00f4ng gian chuy\u00ean nghi\u1ec7p d\u00e0nh cho nh\u1eefng ai y\u00eau th\u00edch tattoo art, t\u1eeb nh\u1eefng thi\u1ebft k\u1ebf t\u1ed1i gi\u1ea3n tinh t\u1ebf \u0111\u1ebfn c\u00e1c t\u00e1c ph\u1ea9m chi ti\u1ebft v\u00e0 \u0111\u1ea7y \u1ea5n t\u01b0\u1ee3ng. V\u1edbi \u0111\u1ed9i ng\u0169 ngh\u1ec7 s\u0129 gi\u00e0u kinh nghi\u1ec7m, DanBam Tattoo Hoian lu\u00f4n ch\u00fa tr\u1ecdng \u0111\u1ebfn ch\u1ea5t l\u01b0\u1ee3ng, s\u1ef1 an to\u00e0n v\u00e0 tr\u1ea3i nghi\u1ec7m c\u1ee7a t\u1eebng kh\u00e1ch h\u00e0ng. M\u1ed7i h\u00ecnh x\u0103m kh\u00f4ng ch\u1ec9 l\u00e0 m\u1ed9t t\u00e1c ph\u1ea9m ngh\u1ec7 thu\u1eadt m\u00e0 c\u00f2n l\u00e0 c\u00e1ch \u0111\u1ec3 b\u1ea1n th\u1ec3 hi\u1ec7n c\u00e2u chuy\u1ec7n v\u00e0 d\u1ea5u \u1ea5n ri\u00eang c\u1ee7a b\u1ea3n th\u00e2n.<br><\/p>\n\n<\/div>\n<\/div>\n<\/section>\n\n<section class=\"fs-flex alignfull fs-block-section has-global-padding is-layout-constrained wp-block-flatsome-section-is-layout-constrained\"><div class=\"fs-block-section__background\"><\/div>\n<div class=\"has-global-padding alignwide fs-block-row fs-flex\">\n<div class=\"fs-9fb1955d fs-block-col fs-gap\">\n<h2 style=\"display:flex;flex-direction:row;justify-content:flex-start;align-items:flex-start;flex-wrap:wrap\" class=\"trendy-title capitalize fs-a1810774 fs-block-trendy-title\" data-cursor=\"-opaque\"><span class=\"trendy-title__accent\">C\u00e2u chuy\u1ec7n<\/span><span class=\"trendy-title__part trendy-title__part--end\">c\u1ee7a ch\u00fang t\u00f4i<\/span><\/h2>\n\n<div class=\"fs-4faa2a7e fs-block-flex fs-flex\"><\/div>\n\n\n<blockquote class=\"wp-block-quote is-layout-flow wp-block-quote-is-layout-flow\">\n<p>Studio mang \u0111\u1ebfn tr\u1ea3i nghi\u1ec7m tattoo, piercing v\u00e0 barber chuy\u00ean nghi\u1ec7p \u2014 n\u01a1i c\u00e1 t\u00ednh \u0111\u01b0\u1ee3c th\u1ec3 hi\u1ec7n qua t\u1eebng \u0111\u01b0\u1eddng kim v\u00e0 phong c\u00e1ch ri\u00eang bi\u1ec7t.<\/p>\n<\/blockquote>\n\n\n\n<p class=\"fs-f9262120\"><br><\/p>\n\n<\/div>\n\n<div class=\"fs-755850fc fs-block-col fs-gap\">\n<figure class=\"h-100 fs-block-image fs-72c1e6aa\"><div class=\"fs-block-image__media\"><img loading=\"lazy\" decoding=\"async\" width=\"1414\" height=\"763\" src=\"https:\/\/danbamtattoohoian.com\/wp-content\/uploads\/2026\/04\/backgroud-hoi-an.png\" class=\"fs-block-image__img wp-image-129 attachment-original size-original\" alt=\"\" srcset=\"https:\/\/danbamtattoohoian.com\/wp-content\/uploads\/2026\/04\/backgroud-hoi-an.png 1414w, https:\/\/danbamtattoohoian.com\/wp-content\/uploads\/2026\/04\/backgroud-hoi-an-300x162.png 300w, https:\/\/danbamtattoohoian.com\/wp-content\/uploads\/2026\/04\/backgroud-hoi-an-1024x553.png 1024w, https:\/\/danbamtattoohoian.com\/wp-content\/uploads\/2026\/04\/backgroud-hoi-an-768x414.png 768w\" sizes=\"auto, (max-width: 1414px) 100vw, 1414px\" \/><\/div><\/figure>\n<\/div>\n<\/div>\n<\/section>\n\n<section class=\"fs-flex fs-0bbf4a80 alignfull fs-block-section has-global-padding is-layout-constrained wp-block-flatsome-section-is-layout-constrained\"><div class=\"fs-block-section__background\"><\/div>\n<div class=\"has-global-padding alignwide fs-block-row fs-flex\">\n<div class=\"fs-755850fc fs-block-col fs-gap\">\n<div class=\"fs-block-image-comparer fs-713c7c03 is-horizontal is-handle-circle\" data-wp-interactive=\"flatsome\/image-comparer\" data-wp-context='{\"direction\":\"horizontal\",\"startPosition\":56,\"slideOnHover\":false,\"isRtl\":false}' data-wp-init=\"callbacks.init\" data-wp-on--keydown=\"actions.onKeyDown\" tabindex=\"0\" role=\"slider\" aria-label=\"Image comparison slider\" aria-valuemin=\"0\" aria-valuemax=\"100\" aria-valuenow=\"56\" aria-orientation=\"horizontal\"><div class=\"fs-block-image-comparer__content\"><figure class=\"fs-block-image-comparer__before\"><\/figure><figure class=\"fs-block-image-comparer__after\"><img loading=\"lazy\" decoding=\"async\" width=\"702\" height=\"702\" src=\"https:\/\/danbamtattoohoian.com\/wp-content\/uploads\/2026\/04\/57-tattoo-studio-after.webp\" class=\"fs-block-image-comparer__img wp-image-602 attachment-original size-original\" alt=\"After\" srcset=\"https:\/\/danbamtattoohoian.com\/wp-content\/uploads\/2026\/04\/57-tattoo-studio-after.webp 702w, https:\/\/danbamtattoohoian.com\/wp-content\/uploads\/2026\/04\/57-tattoo-studio-after-300x300.webp 300w, https:\/\/danbamtattoohoian.com\/wp-content\/uploads\/2026\/04\/57-tattoo-studio-after-150x150.webp 150w\" sizes=\"auto, (max-width: 702px) 100vw, 702px\" \/><\/figure><div class=\"fs-block-image-comparer__handle\" data-wp-on--pointerdown=\"actions.onPointerDown\"><div class=\"fs-block-image-comparer__handle-line\"><\/div><div class=\"fs-block-image-comparer__handle-grip\" aria-hidden=\"true\"><svg class=\"fs-block-image-comparer__grip-icon\" viewBox=\"0 0 100 100\"><path d=\"M 10,50 L 60,100 L 70,90 L 30,50 L 70,10 L 60,0 Z\"\/><\/svg><svg class=\"fs-block-image-comparer__grip-icon\" viewBox=\"0 0 100 100\"><path d=\"M 10,50 L 60,100 L 70,90 L 30,50 L 70,10 L 60,0 Z\" transform=\"translate(100, 100) rotate(180)\"\/><\/svg><\/div><div class=\"fs-block-image-comparer__handle-line\"><\/div><\/div><\/div><\/div>\n<\/div>\n\n<div class=\"fs-9fb1955d fs-block-col fs-gap\">\n\n<p class=\"fs-f5898767\">Bi\u1ebfn l\u00e0n da th\u00e0nh t\u00e1c ph\u1ea9m ngh\u1ec7 thu\u1eadt<\/p>\n\n\n<h2 class=\"trendy-title capitalize fs-07b2840d fs-block-trendy-title\" data-cursor=\"-opaque\">H\u00e3y c\u00f9ng ch\u1ee9ng ki\u1ebfn \u200b\u200bh\u00e0nh tr\u00ecnh t\u1eeb <span class=\"trendy-title__accent\">\u00fd t\u01b0\u1edfng \u0111\u1ebfn ki\u1ec7t t\u00e1c.<\/span><\/h2>\n\n\n<p class=\"fs-8766cb4e\">M\u1ed7i h\u00ecnh x\u0103m \u0111\u1ec1u mang m\u1ed9t \u00fd ngh\u0129a v\u00e0 c\u00e2u chuy\u1ec7n ri\u00eang, v\u00e0 t\u1ea1i DanBam Tattoo Hoian, ch\u00fang t\u00f4i bi\u1ebfn nh\u1eefng \u00fd t\u01b0\u1edfng \u0111\u00f3 th\u00e0nh nh\u1eefng t\u00e1c ph\u1ea9m ngh\u1ec7 thu\u1eadt \u0111\u1ea7y c\u1ea3m h\u1ee9ng. T\u1eeb nh\u1eefng n\u00e9t ph\u00e1c th\u1ea3o \u0111\u1ea7u ti\u00ean cho \u0111\u1ebfn khi ho\u00e0n thi\u1ec7n, m\u1ecdi chi ti\u1ebft \u0111\u1ec1u \u0111\u01b0\u1ee3c th\u1ef1c hi\u1ec7n v\u1edbi s\u1ef1 t\u1ec9 m\u1ec9, s\u00e1ng t\u1ea1o v\u00e0 \u0111am m\u00ea. H\u00e3y kh\u00e1m ph\u00e1 h\u00e0nh tr\u00ecnh bi\u1ebfn \u00fd t\u01b0\u1edfng th\u00e0nh ki\u1ec7t t\u00e1c qua nh\u1eefng thi\u1ebft k\u1ebf \u0111\u1ed9c \u0111\u00e1o \u0111\u01b0\u1ee3c t\u1ea1o n\u00ean b\u1edfi \u0111\u1ed9i ng\u0169 ngh\u1ec7 s\u0129 chuy\u00ean nghi\u1ec7p c\u1ee7a ch\u00fang t\u00f4i.<\/p>\n\n\n<a class=\"wp-element-button fs-button is-style-fill fs-block-button fs-cbd0f4d6\"><span class=\"fs-button__text\">T\u01b0 v\u1ea5n mi\u1ec5n ph\u00ed<\/span><svg aria-hidden=\"true\" class=\"fs-icon is-collection-phosphor is-icon-arrow-right\" xmlns=\"http:\/\/www.w3.org\/2000\/svg\" viewBox=\"0 0 256 256\" fill=\"currentColor\"><path d=\"M221.66,133.66l-72,72a8,8,0,0,1-11.32-11.32L196.69,136H40a8,8,0,0,1,0-16H196.69L138.34,61.66a8,8,0,0,1,11.32-11.32l72,72A8,8,0,0,1,221.66,133.66Z\"\/><\/svg><\/a>\n<\/div>\n<\/div>\n<\/section>\n\n<section class=\"fs-flex alignfull fs-block-section fs-dark has-global-padding is-layout-constrained wp-block-flatsome-section-is-layout-constrained\"><div class=\"fs-block-section__background\"><\/div>\n<div class=\"trendy    fs-54d71fea fs-block-trendydiv\"><div class=\"trendy__content\" style=\"position:relative;z-index:1\">\n\n<p class=\"fs-5e3deb2d\">G\u1eb7p g\u1ee1 \u0111\u1ed9i ng\u0169<\/p>\n\n\n<h2 class=\"trendy-title capitalize fs-01c0c8a1 fs-block-trendy-title\" data-cursor=\"-opaque\">\u0110\u1ed9i ng\u0169 <span class=\"trendy-title__accent\">chuy\u00ean nghi\u1ec7p<\/span> c\u1ee7a ch\u00fang t\u00f4i<\/h2>\n\n\n<p class=\"fs-0338b656\">\u0110\u1ed9i ng\u0169 ngh\u1ec7 s\u0129 t\u1ea1i DanBam Tattoo Hoian s\u1edf h\u1eefu phong c\u00e1ch ri\u00eang bi\u1ec7t c\u00f9ng nhi\u1ec1u n\u0103m kinh nghi\u1ec7m trong ngh\u1ec7 thu\u1eadt x\u0103m h\u00ecnh. Ch\u00fang t\u00f4i lu\u00f4n l\u1eafng nghe \u00fd t\u01b0\u1edfng c\u1ee7a kh\u00e1ch h\u00e0ng \u0111\u1ec3 t\u1ea1o n\u00ean nh\u1eefng t\u00e1c ph\u1ea9m \u0111\u1ed9c \u0111\u00e1o, tinh t\u1ebf v\u00e0 mang \u0111\u1eadm d\u1ea5u \u1ea5n c\u00e1 nh\u00e2n.<\/p>\n\n<\/div><\/div>\n\n<div class=\"has-global-padding fs-c92c4a3f alignwide fs-block-row fs-flex\">\n<div class=\"fs-a8021d7b fs-block-col fs-gap\">\n<div class=\"fs-group-hover is-style-overlay has-hover with-hover-bounce fs-block-card fs-flex\">\n<figure class=\"fs-block-card-image fs-0e029686 fs-block-image sm:has-height has-height fs-transform has-hover with-hover-zoom-in with-hover-fade-out fs-8378ab25\"><div class=\"fs-block-image__media\"><img loading=\"lazy\" decoding=\"async\" width=\"300\" height=\"300\" src=\"https:\/\/danbamtattoohoian.com\/wp-content\/uploads\/2026\/05\/z7793146389440_e8649b637d160a65b2ec0ff683d0ed3d-300x300.jpg\" class=\"fs-block-image__img wp-image-922 attachment-medium size-medium\" alt=\"\" srcset=\"https:\/\/danbamtattoohoian.com\/wp-content\/uploads\/2026\/05\/z7793146389440_e8649b637d160a65b2ec0ff683d0ed3d-300x300.jpg 300w, https:\/\/danbamtattoohoian.com\/wp-content\/uploads\/2026\/05\/z7793146389440_e8649b637d160a65b2ec0ff683d0ed3d-1024x1024.jpg 1024w, https:\/\/danbamtattoohoian.com\/wp-content\/uploads\/2026\/05\/z7793146389440_e8649b637d160a65b2ec0ff683d0ed3d-150x150.jpg 150w, https:\/\/danbamtattoohoian.com\/wp-content\/uploads\/2026\/05\/z7793146389440_e8649b637d160a65b2ec0ff683d0ed3d-768x768.jpg 768w, https:\/\/danbamtattoohoian.com\/wp-content\/uploads\/2026\/05\/z7793146389440_e8649b637d160a65b2ec0ff683d0ed3d.jpg 1280w\" sizes=\"auto, (max-width: 300px) 100vw, 300px\" \/><div class=\"fs-block-image__overlay\" aria-hidden=\"true\"><\/div><\/div><\/figure>\n\n<div class=\"fs-template-item fs-e67f14c4 fs-block-card-content fs-gap\">\n\n<h3 class=\"fs-a7d9cf6e\">Hoon<\/h3>\n\n\n\n<p class=\"fs-e21753ea\">Ngh\u1ec7 s\u0129 x\u0103m h\u00ecnh ch\u00ednh<\/p>\n\n<\/div>\n<\/div>\n<\/div>\n\n<div class=\"fs-a8021d7b fs-block-col fs-gap\">\n<div class=\"fs-group-hover is-style-overlay has-hover with-hover-bounce fs-80a5e64b fs-block-card fs-flex\">\n<figure class=\"fs-block-card-image fs-0e029686 fs-block-image sm:has-height has-height fs-transform has-hover with-hover-zoom-in with-hover-fade-out fs-8378ab25\"><div class=\"fs-block-image__media\"><img loading=\"lazy\" decoding=\"async\" width=\"300\" height=\"300\" src=\"https:\/\/danbamtattoohoian.com\/wp-content\/uploads\/2026\/05\/anh-xam-300x300.jpg\" class=\"fs-block-image__img wp-image-807 attachment-medium size-medium\" alt=\"\" srcset=\"https:\/\/danbamtattoohoian.com\/wp-content\/uploads\/2026\/05\/anh-xam-300x300.jpg 300w, https:\/\/danbamtattoohoian.com\/wp-content\/uploads\/2026\/05\/anh-xam-1024x1024.jpg 1024w, https:\/\/danbamtattoohoian.com\/wp-content\/uploads\/2026\/05\/anh-xam-150x150.jpg 150w, https:\/\/danbamtattoohoian.com\/wp-content\/uploads\/2026\/05\/anh-xam-768x768.jpg 768w, https:\/\/danbamtattoohoian.com\/wp-content\/uploads\/2026\/05\/anh-xam.jpg 1280w\" sizes=\"auto, (max-width: 300px) 100vw, 300px\" \/><div class=\"fs-block-image__overlay\" aria-hidden=\"true\"><\/div><\/div><\/figure>\n\n<div class=\"fs-template-item fs-e67f14c4 fs-block-card-content fs-gap\">\n\n<h3 class=\"fs-a7d9cf6e\">Hoon<\/h3>\n\n\n\n<p class=\"fs-e21753ea\">Ngh\u1ec7 s\u0129 x\u0103m h\u00ecnh ch\u00ednh<\/p>\n\n<\/div>\n<\/div>\n<\/div>\n\n<div class=\"fs-a8021d7b fs-block-col fs-gap\">\n<div class=\"fs-group-hover is-style-overlay has-hover with-hover-bounce fs-block-card fs-flex\">\n<figure class=\"fs-block-card-image fs-0e029686 fs-block-image sm:has-height has-height fs-transform has-hover with-hover-zoom-in with-hover-fade-out fs-8378ab25\"><div class=\"fs-block-image__media\"><img loading=\"lazy\" decoding=\"async\" width=\"300\" height=\"300\" src=\"https:\/\/danbamtattoohoian.com\/wp-content\/uploads\/2026\/05\/z7793146389440_e8649b637d160a65b2ec0ff683d0ed3d-300x300.jpg\" class=\"fs-block-image__img wp-image-922 attachment-medium size-medium\" alt=\"\" srcset=\"https:\/\/danbamtattoohoian.com\/wp-content\/uploads\/2026\/05\/z7793146389440_e8649b637d160a65b2ec0ff683d0ed3d-300x300.jpg 300w, https:\/\/danbamtattoohoian.com\/wp-content\/uploads\/2026\/05\/z7793146389440_e8649b637d160a65b2ec0ff683d0ed3d-1024x1024.jpg 1024w, https:\/\/danbamtattoohoian.com\/wp-content\/uploads\/2026\/05\/z7793146389440_e8649b637d160a65b2ec0ff683d0ed3d-150x150.jpg 150w, https:\/\/danbamtattoohoian.com\/wp-content\/uploads\/2026\/05\/z7793146389440_e8649b637d160a65b2ec0ff683d0ed3d-768x768.jpg 768w, https:\/\/danbamtattoohoian.com\/wp-content\/uploads\/2026\/05\/z7793146389440_e8649b637d160a65b2ec0ff683d0ed3d.jpg 1280w\" sizes=\"auto, (max-width: 300px) 100vw, 300px\" \/><div class=\"fs-block-image__overlay\" aria-hidden=\"true\"><\/div><\/div><\/figure>\n\n<div class=\"fs-template-item fs-e67f14c4 fs-block-card-content fs-gap\">\n\n<h3 class=\"fs-a7d9cf6e\">Hoon<\/h3>\n\n\n\n<p class=\"fs-e21753ea\">Ngh\u1ec7 s\u0129 x\u0103m h\u00ecnh ch\u00ednh<\/p>\n\n<\/div>\n<\/div>\n<\/div>\n\n<div class=\"fs-a8021d7b fs-block-col fs-gap\">\n<div class=\"fs-group-hover is-style-overlay has-hover with-hover-bounce fs-block-card fs-flex\">\n<figure class=\"fs-block-card-image fs-0e029686 fs-block-image sm:has-height has-height fs-transform has-hover with-hover-zoom-in with-hover-fade-out fs-8378ab25\"><div class=\"fs-block-image__media\"><img loading=\"lazy\" decoding=\"async\" width=\"300\" height=\"300\" src=\"https:\/\/danbamtattoohoian.com\/wp-content\/uploads\/2026\/05\/anh-xam-300x300.jpg\" class=\"fs-block-image__img wp-image-807 attachment-medium size-medium\" alt=\"\" srcset=\"https:\/\/danbamtattoohoian.com\/wp-content\/uploads\/2026\/05\/anh-xam-300x300.jpg 300w, https:\/\/danbamtattoohoian.com\/wp-content\/uploads\/2026\/05\/anh-xam-1024x1024.jpg 1024w, https:\/\/danbamtattoohoian.com\/wp-content\/uploads\/2026\/05\/anh-xam-150x150.jpg 150w, https:\/\/danbamtattoohoian.com\/wp-content\/uploads\/2026\/05\/anh-xam-768x768.jpg 768w, https:\/\/danbamtattoohoian.com\/wp-content\/uploads\/2026\/05\/anh-xam.jpg 1280w\" sizes=\"auto, (max-width: 300px) 100vw, 300px\" \/><div class=\"fs-block-image__overlay\" aria-hidden=\"true\"><\/div><\/div><\/figure>\n\n<div class=\"fs-template-item fs-e67f14c4 fs-block-card-content fs-gap\">\n\n<h3 class=\"fs-a7d9cf6e\">Hoon<\/h3>\n\n\n\n<p class=\"fs-e21753ea\">Ngh\u1ec7 s\u0129 x\u0103m h\u00ecnh ch\u00ednh<\/p>\n\n<\/div>\n<\/div>\n<\/div>\n\n<div class=\"fs-a1cfa358 fs-block-col fs-gap\">\n<a class=\"wp-element-button fs-button is-style-fill fs-block-button fs-cbd0f4d6\"><span class=\"fs-button__text\">T\u01b0 v\u1ea5n mi\u1ec5n ph\u00ed<\/span><svg aria-hidden=\"true\" class=\"fs-icon is-collection-phosphor is-icon-arrow-right\" xmlns=\"http:\/\/www.w3.org\/2000\/svg\" viewBox=\"0 0 256 256\" fill=\"currentColor\"><path d=\"M221.66,133.66l-72,72a8,8,0,0,1-11.32-11.32L196.69,136H40a8,8,0,0,1,0-16H196.69L138.34,61.66a8,8,0,0,1,11.32-11.32l72,72A8,8,0,0,1,221.66,133.66Z\"\/><\/svg><\/a>\n<\/div>\n<\/div>\n<\/section>\n\n<section class=\"fs-flex alignfull fs-block-section has-global-padding is-layout-constrained wp-block-flatsome-section-is-layout-constrained\"><div class=\"fs-block-section__background\"><\/div><\/section>","protected":false},"excerpt":{"rendered":"","protected":false},"author":1,"featured_media":0,"parent":0,"menu_order":0,"comment_status":"closed","ping_status":"closed","template":"page-transparent-header","meta":{"footnotes":""},"class_list":["post-539","page","type-page","status-publish","hentry"],"_is_page_on_front":false,"_is_page_for_posts":false,"_flatsome_builder_edit_link":"https:\/\/danbamtattoohoian.com\/wp-admin\/index.php?page=flatsome-builder&postType=page&postId=539","_flatsome_builder_post_lock":null,"_links":{"self":[{"href":"https:\/\/danbamtattoohoian.com\/vi\/wp-json\/wp\/v2\/pages\/539","targetHints":{"allow":["GET"]}}],"collection":[{"href":"https:\/\/danbamtattoohoian.com\/vi\/wp-json\/wp\/v2\/pages"}],"about":[{"href":"https:\/\/danbamtattoohoian.com\/vi\/wp-json\/wp\/v2\/types\/page"}],"author":[{"embeddable":true,"href":"https:\/\/danbamtattoohoian.com\/vi\/wp-json\/wp\/v2\/users\/1"}],"replies":[{"embeddable":true,"href":"https:\/\/danbamtattoohoian.com\/vi\/wp-json\/wp\/v2\/comments?post=539"}],"version-history":[{"count":32,"href":"https:\/\/danbamtattoohoian.com\/vi\/wp-json\/wp\/v2\/pages\/539\/revisions"}],"predecessor-version":[{"id":990,"href":"https:\/\/danbamtattoohoian.com\/vi\/wp-json\/wp\/v2\/pages\/539\/revisions\/990"}],"wp:attachment":[{"href":"https:\/\/danbamtattoohoian.com\/vi\/wp-json\/wp\/v2\/media?parent=539"}],"curies":[{"name":"wp","href":"https:\/\/api.w.org\/{rel}","templated":true}]}}