{"id":324,"date":"2026-04-14T16:51:32","date_gmt":"2026-04-14T09:51:32","guid":{"rendered":"https:\/\/danbamtattoohoian.com\/?page_id=324"},"modified":"2026-05-08T23:58:55","modified_gmt":"2026-05-08T16:58:55","slug":"lien-he","status":"publish","type":"page","link":"https:\/\/danbamtattoohoian.com\/vi\/lien-he\/","title":{"rendered":"Li\u00ean h\u1ec7"},"content":{"rendered":"<section class=\"fs-flex fs-e6aa94c0 alignfull fs-block-section fs-dark is-layout-flow wp-block-flatsome-section-is-layout-flow\"><div class=\"fs-block-section__background\"><\/div>\n<div class=\"has-global-padding fs-bd23b6d9 fs-block-row fs-flex\">\n<div class=\"fs-755850fc fs-block-col fs-gap\">\n<figure class=\"h-100 fs-block-image fs-a8693901\"><div class=\"fs-block-image__media\"><img loading=\"lazy\" decoding=\"async\" width=\"1416\" height=\"2048\" src=\"https:\/\/danbamtattoohoian.com\/wp-content\/uploads\/2026\/05\/banner2.jpg\" class=\"fs-block-image__img wp-image-809 attachment-original size-original\" alt=\"\" srcset=\"https:\/\/danbamtattoohoian.com\/wp-content\/uploads\/2026\/05\/banner2.jpg 1416w, https:\/\/danbamtattoohoian.com\/wp-content\/uploads\/2026\/05\/banner2-207x300.jpg 207w, https:\/\/danbamtattoohoian.com\/wp-content\/uploads\/2026\/05\/banner2-708x1024.jpg 708w, https:\/\/danbamtattoohoian.com\/wp-content\/uploads\/2026\/05\/banner2-768x1111.jpg 768w, https:\/\/danbamtattoohoian.com\/wp-content\/uploads\/2026\/05\/banner2-1062x1536.jpg 1062w\" sizes=\"auto, (max-width: 1416px) 100vw, 1416px\" \/><div class=\"fs-block-image__overlay\" aria-hidden=\"true\"><\/div><\/div><\/figure>\n<\/div>\n\n<div class=\"fs-1dd78249 fs-background fs-block-col fs-gap\">\n\n<p class=\"fs-5ffea182\">Li\u00ean h\u1ec7 ngay<\/p>\n\n\n\n<h2 class=\"wp-block-heading\">Li\u00ean h\u1ec7 v\u1edbi ch\u00fang t\u00f4i d\u1ec5 d\u00e0ng<\/h2>\n\n\n\n<p class=\"fs-5ded52d5\">Li\u00ean h\u1ec7 tr\u1ef1c tuy\u1ebfn, qua \u0111i\u1ec7n tho\u1ea1i ho\u1eb7c tr\u1ef1c ti\u1ebfp t\u1ea1i c\u1eeda h\u00e0ng.<\/p>\n\n\n<div class=\"fs-90029aeb fs-block-flex fs-flex\">\n<a class=\"wp-element-button fs-button is-style-fill fs-block-button fs-cbd0f4d6\"><span class=\"fs-button__text\">\u0110\u1eb7t tr\u1ef1c tuy\u1ebfn<\/span><svg aria-hidden=\"true\" class=\"fs-icon is-collection-phosphor is-icon-paper-plane-right\" xmlns=\"http:\/\/www.w3.org\/2000\/svg\" viewBox=\"0 0 256 256\" fill=\"currentColor\"><path d=\"M231.87,114l-168-95.89A16,16,0,0,0,40.92,37.34L71.55,128,40.92,218.67A16,16,0,0,0,56,240a16.15,16.15,0,0,0,7.93-2.1l167.92-96.05a16,16,0,0,0,.05-27.89ZM56,224a.56.56,0,0,0,0-.12L85.74,136H144a8,8,0,0,0,0-16H85.74L56.06,32.16A.46.46,0,0,0,56,32l168,95.83Z\"\/><\/svg><\/a>\n\n<div class=\"fs-block-icon-box has-icon-border fs-d53c25ee\"><div class=\"fs-block-icon-box__icon\"><svg aria-hidden=\"true\" class=\"fs-icon is-collection-phosphor is-icon-phone-call fs-block-icon\" xmlns=\"http:\/\/www.w3.org\/2000\/svg\" viewBox=\"0 0 256 256\" fill=\"currentColor\"><path d=\"M144.27,45.93a8,8,0,0,1,9.8-5.66,86.22,86.22,0,0,1,61.66,61.66,8,8,0,0,1-5.66,9.8A8.23,8.23,0,0,1,208,112a8,8,0,0,1-7.73-5.94,70.35,70.35,0,0,0-50.33-50.33A8,8,0,0,1,144.27,45.93Zm-2.33,41.8c13.79,3.68,22.65,12.54,26.33,26.33A8,8,0,0,0,176,120a8.23,8.23,0,0,0,2.07-.27,8,8,0,0,0,5.66-9.8c-5.12-19.16-18.5-32.54-37.66-37.66a8,8,0,1,0-4.13,15.46Zm81.94,95.35A56.26,56.26,0,0,1,168,232C88.6,232,24,167.4,24,88A56.26,56.26,0,0,1,72.92,32.12a16,16,0,0,1,16.62,9.52l21.12,47.15,0,.12A16,16,0,0,1,109.39,104c-.18.27-.37.52-.57.77L88,129.45c7.49,15.22,23.41,31,38.83,38.51l24.34-20.71a8.12,8.12,0,0,1,.75-.56,16,16,0,0,1,15.17-1.4l.13.06,47.11,21.11A16,16,0,0,1,223.88,183.08Zm-15.88-2s-.07,0-.11,0h0l-47-21.05-24.35,20.71a8.44,8.44,0,0,1-.74.56,16,16,0,0,1-15.75,1.14c-18.73-9.05-37.4-27.58-46.46-46.11a16,16,0,0,1,1-15.7,6.13,6.13,0,0,1,.57-.77L96,95.15l-21-47a.61.61,0,0,1,0-.12A40.2,40.2,0,0,0,40,88,128.14,128.14,0,0,0,168,216,40.21,40.21,0,0,0,208,181.07Z\"\/><\/svg><\/div><div class=\"fs-block-icon-box__content fs-gap\">\n\n<p>Hotline<\/p>\n\n\n\n<p class=\"fs-2dd9eb5c\"><a href=\"tel:+84777 594 908\">+84777 594 908<\/a><\/p>\n\n<\/div><\/div>\n<\/div>\n<\/div>\n<\/div>\n<\/section>\n\n<section class=\"fs-flex fs-0bbf4a80 alignfull fs-block-section has-global-padding is-layout-constrained wp-block-flatsome-section-is-layout-constrained\"><div class=\"fs-block-section__background\"><\/div>\n<div class=\"has-global-padding fs-3fc5f1b3 alignwide fs-block-row fs-flex\">\n<div class=\"fs-4d4108f5 fs-block-col fs-gap\">\n\n<h2>Th\u00f4ng tin li\u00ean h\u1ec7<\/h2>\n\n\n\n<p class=\"fs-c5692189\">DanBam Tattoo Hoian &#8211; Hoi An Tattoo Studio<br>Tattoo mang \u0111\u1eadm d\u1ea5u \u1ea5n c\u00e1 nh\u00e2n v\u00e0 v\u0103n ho\u00e1 Vi\u1ec7t. \u0110\u1eb7t l\u1ecbch ngay \u0111\u1ec3 c\u00f3 m\u1ed9t t\u00e1c ph\u1ea9m ri\u00eang c\u1ee7a b\u1ea1n.<\/p>\n\n\n<div class=\"fs-0ae9b76c fs-block-flex fs-flex\">\n<div class=\"fs-9ddc47bc fs-block-text\">\n<h3>\u0110\u1ecba ch\u1ec9:<\/h3>\n<p>15 Nguy\u1ec5n Ho\u00e0ng, An H\u1ed9i, H\u1ed9i An <\/p>\n<p>\u0110\u00e0 N\u1eb5ng 51306, Vi\u1ec7t Nam<\/p>\n<\/div>\n\n<div class=\"fs-9ddc47bc fs-block-text\">\n<h3>M\u1edf c\u1eeda:<\/h3>\n<p>T2 &#8211; T6: 09:00 &#8211; 22:00<\/p>\n<p>T7: 09:00 &#8211; 22:00<\/p>\n<p>CN: 09:00 &#8211; 22:00<\/p>\n<\/div>\n<\/div>\n<\/div>\n\n<div class=\"fs-d915dee8 overflow-hidden fs-block-col fs-gap\">\n<div class=\"overflow-hidden fs-block-html\">\n<iframe src=\"https:\/\/www.google.com\/maps\/embed?pb=!1m18!1m12!1m3!1d3837.6681694693216!2d108.3261409!3d15.874028399999998!2m3!1f0!2f0!3f0!3m2!1i1024!2i768!4f13.1!3m3!1m2!1s0x31420d4f8764d1b7%3A0xa0ced8321cfc4545!2sDanBam%20Tattoo%20Hoian%20-%20Hoi%20An%20Tattoo%20Studio!5e0!3m2!1svi!2s!4v1777818587162!5m2!1svi!2s\" width=\"100%\" height=\"450\" style=\"border:0;\" allowfullscreen=\"\" loading=\"lazy\" referrerpolicy=\"no-referrer-when-downgrade\"><\/iframe>\n<\/div>\n<\/div>\n<\/div>\n<\/section>\n\n<section class=\"fs-flex fs-e6aa94c0 alignfull fs-block-section fs-dark is-layout-flow wp-block-flatsome-section-is-layout-flow\"><div class=\"fs-block-section__background\"><\/div>\n<div class=\"has-global-padding fs-bd23b6d9 fs-block-row fs-flex\">\n<div class=\"fs-755850fc fs-block-col fs-gap\">\n<figure class=\"h-100 fs-block-image fs-a8693901\"><div class=\"fs-block-image__media\"><img loading=\"lazy\" decoding=\"async\" width=\"1616\" height=\"1080\" src=\"https:\/\/danbamtattoohoian.com\/wp-content\/uploads\/2026\/05\/z7793137391593_76176dfb0242d49712b4cfbc67032628.jpg\" class=\"fs-block-image__img wp-image-919 attachment-original size-original\" alt=\"\" srcset=\"https:\/\/danbamtattoohoian.com\/wp-content\/uploads\/2026\/05\/z7793137391593_76176dfb0242d49712b4cfbc67032628.jpg 1616w, https:\/\/danbamtattoohoian.com\/wp-content\/uploads\/2026\/05\/z7793137391593_76176dfb0242d49712b4cfbc67032628-300x200.jpg 300w, https:\/\/danbamtattoohoian.com\/wp-content\/uploads\/2026\/05\/z7793137391593_76176dfb0242d49712b4cfbc67032628-1024x684.jpg 1024w, https:\/\/danbamtattoohoian.com\/wp-content\/uploads\/2026\/05\/z7793137391593_76176dfb0242d49712b4cfbc67032628-768x513.jpg 768w, https:\/\/danbamtattoohoian.com\/wp-content\/uploads\/2026\/05\/z7793137391593_76176dfb0242d49712b4cfbc67032628-1536x1027.jpg 1536w\" sizes=\"auto, (max-width: 1616px) 100vw, 1616px\" \/><div class=\"fs-block-image__overlay\" aria-hidden=\"true\"><\/div><\/div><\/figure>\n<\/div>\n\n<div class=\"fs-b54589e2 fs-background fs-block-col fs-gap\">\n\n<p class=\"fs-5ffea182\">Li\u00ean h\u1ec7 ngay<\/p>\n\n\n\n<h2>\u0110\u1eb7t c\u00e2u h\u1ecfi<\/h2>\n\n\n\n<p class=\"fs-0a270a38\">N\u1ebfu c\u00f3 th\u1eafc m\u1eafc, vui l\u00f2ng li\u00ean h\u1ec7 v\u1edbi ch\u00fang t\u00f4i. H\u00e3y \u0111i\u1ec1n v\u00e0o m\u1eabu \u0111\u01a1n b\u00ean d\u01b0\u1edbi.<\/p>\n\n\n\n<div class=\"wp-block-contact-form-7-contact-form-selector\">\n<div class=\"wpcf7 no-js\" id=\"wpcf7-f573-o1\" lang=\"vi\" dir=\"ltr\" data-wpcf7-id=\"573\">\n<div class=\"screen-reader-response\"><p role=\"status\" aria-live=\"polite\" aria-atomic=\"true\"><\/p> <ul><\/ul><\/div>\n<form action=\"\/vi\/wp-json\/wp\/v2\/pages\/324#wpcf7-f573-o1\" method=\"post\" class=\"wpcf7-form init\" aria-label=\"Form li\u00ean h\u1ec7\" novalidate=\"novalidate\" data-status=\"init\">\n<fieldset class=\"hidden-fields-container\"><input type=\"hidden\" name=\"_wpcf7\" value=\"573\" \/><input type=\"hidden\" name=\"_wpcf7_version\" value=\"6.1.5\" \/><input type=\"hidden\" name=\"_wpcf7_locale\" value=\"vi\" \/><input type=\"hidden\" name=\"_wpcf7_unit_tag\" value=\"wpcf7-f573-o1\" \/><input type=\"hidden\" name=\"_wpcf7_container_post\" value=\"0\" \/><input type=\"hidden\" name=\"_wpcf7_posted_data_hash\" value=\"\" \/><input type=\"hidden\" name=\"_trendy_cf7_ts\" value=\"1778755877\" \/><input type=\"hidden\" name=\"_trendy_cf7_trap_name\" value=\"_trendy_cf7_hp_2iidq4msucdw\" \/><input type=\"hidden\" name=\"_trendy_cf7_sig\" value=\"d3c2950047707df5cb1f82815d50c67c131e03060fd6074a23294d27107eb83a\" \/><input type=\"hidden\" name=\"_trendy_cf7_interaction\" value=\"\" \/>\n<\/fieldset>\n<div class=\"cf7-booking-form\">\n  <div class=\"cf7-booking-row\">\n\n    <div class=\"cf7-booking-field-full\">\n      <label>H\u1ecd t\u00ean *<\/label>\n      <span class=\"wpcf7-form-control-wrap\" data-name=\"your-name\"><input size=\"40\" maxlength=\"400\" class=\"wpcf7-form-control wpcf7-text wpcf7-validates-as-required cf7-booking-control\" aria-required=\"true\" aria-invalid=\"false\" value=\"\" type=\"text\" name=\"your-name\" \/><\/span>\n    <\/div>\n\n    <div class=\"cf7-booking-field\">\n      <label>S\u1ed1 \u0111i\u1ec7n tho\u1ea1i<\/label>\n      <span class=\"wpcf7-form-control-wrap\" data-name=\"your-phone\"><input size=\"40\" maxlength=\"400\" class=\"wpcf7-form-control wpcf7-tel wpcf7-text wpcf7-validates-as-tel cf7-booking-control\" aria-invalid=\"false\" value=\"\" type=\"tel\" name=\"your-phone\" \/><\/span>\n    <\/div>\n    <div class=\"cf7-booking-field\">\n      <label>Mail<\/label>\n      <span class=\"wpcf7-form-control-wrap\" data-name=\"your-mail\"><input size=\"40\" maxlength=\"400\" class=\"wpcf7-form-control wpcf7-email wpcf7-text wpcf7-validates-as-email cf7-booking-control\" aria-invalid=\"false\" value=\"\" type=\"email\" name=\"your-mail\" \/><\/span>\n    <\/div>\n\n    <div class=\"cf7-booking-field-full\">\n      <label>Th\u00f4ng \u0111i\u1ec7p c\u1ee7a b\u1ea1n<\/label>\n      <span class=\"wpcf7-form-control-wrap\" data-name=\"your-mess\"><textarea cols=\"40\" rows=\"10\" maxlength=\"2000\" class=\"wpcf7-form-control wpcf7-textarea cf7-booking-control\" aria-invalid=\"false\" placeholder=\"N\u1ebfu b\u1ea1n c\u00f3 c\u00e2u h\u1ecfi h\u00e3y ghi n\u00f3 v\u00e0o \u0111\u00e2y\" name=\"your-mess\"><\/textarea><\/span>\n    <\/div>\n  <\/div>\n\n  <div class=\"cf7-booking-actions\">\n    <input class=\"wpcf7-form-control wpcf7-submit has-spinner\" type=\"submit\" value=\"G\u1eedi tin nh\u1eafn\" \/>\n  <\/div>\n<\/div><span class=\"trendy-cf7-trap\" aria-hidden=\"true\" style=\"position:absolute !important;left:-10000px !important;top:auto !important;width:1px !important;height:1px !important;overflow:hidden !important;\"><label>Leave this field empty<input type=\"text\" name=\"_trendy_cf7_hp_2iidq4msucdw\" value=\"\" tabindex=\"-1\" autocomplete=\"off\" \/><\/label><\/span><div class=\"wpcf7-response-output\" aria-hidden=\"true\"><\/div>\n<\/form>\n<\/div>\n<\/div>\n\n<\/div>\n<\/div>\n<\/section>","protected":false},"excerpt":{"rendered":"","protected":false},"author":1,"featured_media":0,"parent":0,"menu_order":0,"comment_status":"closed","ping_status":"closed","template":"page-transparent-header","meta":{"footnotes":""},"class_list":["post-324","page","type-page","status-publish","hentry"],"_is_page_on_front":false,"_is_page_for_posts":false,"_flatsome_builder_edit_link":"https:\/\/danbamtattoohoian.com\/wp-admin\/index.php?page=flatsome-builder&postType=page&postId=324","_flatsome_builder_post_lock":null,"_links":{"self":[{"href":"https:\/\/danbamtattoohoian.com\/vi\/wp-json\/wp\/v2\/pages\/324","targetHints":{"allow":["GET"]}}],"collection":[{"href":"https:\/\/danbamtattoohoian.com\/vi\/wp-json\/wp\/v2\/pages"}],"about":[{"href":"https:\/\/danbamtattoohoian.com\/vi\/wp-json\/wp\/v2\/types\/page"}],"author":[{"embeddable":true,"href":"https:\/\/danbamtattoohoian.com\/vi\/wp-json\/wp\/v2\/users\/1"}],"replies":[{"embeddable":true,"href":"https:\/\/danbamtattoohoian.com\/vi\/wp-json\/wp\/v2\/comments?post=324"}],"version-history":[{"count":33,"href":"https:\/\/danbamtattoohoian.com\/vi\/wp-json\/wp\/v2\/pages\/324\/revisions"}],"predecessor-version":[{"id":959,"href":"https:\/\/danbamtattoohoian.com\/vi\/wp-json\/wp\/v2\/pages\/324\/revisions\/959"}],"wp:attachment":[{"href":"https:\/\/danbamtattoohoian.com\/vi\/wp-json\/wp\/v2\/media?parent=324"}],"curies":[{"name":"wp","href":"https:\/\/api.w.org\/{rel}","templated":true}]}}